{"id":931,"date":"2022-10-01T17:53:16","date_gmt":"2022-10-01T21:53:16","guid":{"rendered":"https:\/\/nutrihealth.cl\/?page_id=931"},"modified":"2022-10-01T18:54:24","modified_gmt":"2022-10-01T22:54:24","slug":"portada","status":"publish","type":"page","link":"https:\/\/nutrihealth.cl\/","title":{"rendered":"Portada"},"content":{"rendered":"\n<h2>Consulta nutricional dirigido a:<\/h2>\n\n\n\n<p>&#8211; Personas que requieren manejar su peso corporal.<br>&#8211; Patolog\u00edas asociadas: Diabetes, colesterol o triglic\u00e9ridos altos, hipertensi\u00f3n, insulino resistencia, osteoporosis, anemia, entre otros.<br>&#8211; Vegetarianos<br>&#8211; Veganos.<br>&#8211; Personas f\u00edsicamente activas.<br>&#8211; Embarazadas y en periodo de lactancia<\/p>\n","protected":false},"excerpt":{"rendered":"<p>Consulta nutricional dirigido a: &#8211; Personas que requieren manejar su peso corporal.&#8211; Patolog\u00edas asociadas: Diabetes, colesterol o triglic\u00e9ridos altos, hipertensi\u00f3n, insulino resistencia, osteoporosis, anemia, entre otros.&#8211; Vegetarianos&#8211; Veganos.&#8211; Personas f\u00edsicamente activas.&#8211; Embarazadas y en periodo de lactancia<\/p>\n","protected":false},"author":1,"featured_media":0,"parent":0,"menu_order":0,"comment_status":"closed","ping_status":"closed","template":"","meta":[],"_links":{"self":[{"href":"https:\/\/nutrihealth.cl\/index.php\/wp-json\/wp\/v2\/pages\/931"}],"collection":[{"href":"https:\/\/nutrihealth.cl\/index.php\/wp-json\/wp\/v2\/pages"}],"about":[{"href":"https:\/\/nutrihealth.cl\/index.php\/wp-json\/wp\/v2\/types\/page"}],"author":[{"embeddable":true,"href":"https:\/\/nutrihealth.cl\/index.php\/wp-json\/wp\/v2\/users\/1"}],"replies":[{"embeddable":true,"href":"https:\/\/nutrihealth.cl\/index.php\/wp-json\/wp\/v2\/comments?post=931"}],"version-history":[{"count":0,"href":"https:\/\/nutrihealth.cl\/index.php\/wp-json\/wp\/v2\/pages\/931\/revisions"}],"wp:attachment":[{"href":"https:\/\/nutrihealth.cl\/index.php\/wp-json\/wp\/v2\/media?parent=931"}],"curies":[{"name":"wp","href":"https:\/\/api.w.org\/{rel}","templated":true}]}}